{"id":5193,"date":"2025-06-25T21:57:00","date_gmt":"2025-06-25T21:57:00","guid":{"rendered":"https:\/\/www.tanio-sklep.pl\/?post_type=product&#038;p=5193"},"modified":"2025-06-25T21:58:03","modified_gmt":"2025-06-25T21:58:03","slug":"zestaw-technic-42110-land-rover-defender","status":"publish","type":"product","link":"https:\/\/www.tanio-sklep.pl\/index.php\/produkt\/zestaw-technic-42110-land-rover-defender\/","title":{"rendered":"Zestaw Technic 42110 Land Rover Defender"},"content":{"rendered":"<p>Technic Land Rover Defender<\/p>\n<p>Projektowanie samochod\u00f3w to sztuka na \u015bwiatowym poziomie, a Ty mo\u017cesz si\u0119 o tym przekona\u0107 dzi\u0119ki temu niezwykle autentycznemu modelowi 42110 Technic Land Rover Defender do postawienia na p\u00f3\u0142ce. Ta imponuj\u0105ca replika klock\u00f3w zosta\u0142a opracowana we wsp\u00f3\u0142pracy z firm\u0105 Land Rover i oddaje niesamowity poziom wyrafinowania pojazdu poprzez jego czyste, nowoczesne linie i wyprofilowan\u0105 powierzchni\u0119. Opr\u00f3cz tego model jest wyposa\u017cony w oryginalne felgi i przyczepne opony oraz zestaw realistycznych funkcji.<\/p>\n","protected":false},"excerpt":{"rendered":"<p>Technic Land Rover Defender Projektowanie samochod\u00f3w to sztuka na \u015bwiatowym poziomie, a Ty mo\u017cesz si\u0119 o tym przekona\u0107 dzi\u0119ki temu&#8230;<\/p>\n","protected":false},"featured_media":5194,"comment_status":"open","ping_status":"closed","template":"","meta":[],"product_brand":[],"product_cat":[42],"product_tag":[],"class_list":{"0":"post-5193","1":"product","2":"type-product","3":"status-publish","4":"has-post-thumbnail","6":"product_cat-zabawki","8":"first","9":"instock","10":"sale","11":"featured","12":"shipping-taxable","13":"purchasable","14":"product-type-simple"},"_links":{"self":[{"href":"https:\/\/www.tanio-sklep.pl\/index.php\/wp-json\/wp\/v2\/product\/5193","targetHints":{"allow":["GET"]}}],"collection":[{"href":"https:\/\/www.tanio-sklep.pl\/index.php\/wp-json\/wp\/v2\/product"}],"about":[{"href":"https:\/\/www.tanio-sklep.pl\/index.php\/wp-json\/wp\/v2\/types\/product"}],"replies":[{"embeddable":true,"href":"https:\/\/www.tanio-sklep.pl\/index.php\/wp-json\/wp\/v2\/comments?post=5193"}],"wp:featuredmedia":[{"embeddable":true,"href":"https:\/\/www.tanio-sklep.pl\/index.php\/wp-json\/wp\/v2\/media\/5194"}],"wp:attachment":[{"href":"https:\/\/www.tanio-sklep.pl\/index.php\/wp-json\/wp\/v2\/media?parent=5193"}],"wp:term":[{"taxonomy":"product_brand","embeddable":true,"href":"https:\/\/www.tanio-sklep.pl\/index.php\/wp-json\/wp\/v2\/product_brand?post=5193"},{"taxonomy":"product_cat","embeddable":true,"href":"https:\/\/www.tanio-sklep.pl\/index.php\/wp-json\/wp\/v2\/product_cat?post=5193"},{"taxonomy":"product_tag","embeddable":true,"href":"https:\/\/www.tanio-sklep.pl\/index.php\/wp-json\/wp\/v2\/product_tag?post=5193"}],"curies":[{"name":"wp","href":"https:\/\/api.w.org\/{rel}","templated":true}]}}